{"id":47,"date":"2018-01-19T10:57:43","date_gmt":"2018-01-19T10:57:43","guid":{"rendered":"http:\/\/www.jeugdlandnieuwegein.nl\/wpjl\/?page_id=47"},"modified":"2026-02-06T17:36:29","modified_gmt":"2026-02-06T16:36:29","slug":"vrijwilliger-worden","status":"publish","type":"page","link":"https:\/\/www.jeugdlandnieuwegein.nl\/wpjl\/helpen\/vrijwilliger-worden\/","title":{"rendered":"Vrijwilliger worden"},"content":{"rendered":"<h4 class=\"intro\">Bouwspeeltuin Jeugdland is een stichting die volledig op vrijwilligers draait. Een groep leuke, bevlogen, gezellige mensen die Jeugdland gemaakt hebben of maken tot wat het nu is.<\/h4>\n<p>De vrijwilligers van Jeugdland waren en zijn altijd divers. Natuurlijk wisselt het, maar onder de vrijwilligers zijn er 80 plussers en jongeren van 14 jaar. Maar ook een aantal neurodivergente mensen zijn al jaren vaste kracht. Je bent welkom.<\/p>\n<p>Helpen op Jeugdland kan op veel manieren, omdat er van alles te doen is. We hebben de verschillende werkzaamheden in werkgroepen ondergebracht. Het is mogelijk om in meerdere werkgroepen tegelijk mee te werken.<\/p>\n<p>We werken met een vrijwilligersbeleid en vragen al onze vrijwilligers een verklaring omtrent gedrag (VOG) te overleggen voor ze voor Jeugdland aan de slag gaan. De VOG kan via Jeugdland gratis aangevraagd worden.<\/p>\n<p>Minimaal \u00e9\u00e9n maal per jaar organiseren we een vrijwilligersfeest om alle vrijwilligers te bedanken voor hun inzet. Want zonder vrijwilligers is er geen Jeugdland en feest is leuk!<\/p>\n<p>De Gemeente Nieuwegein heeft voor vrijwilligers een vrijwilligersverzekering afgesloten.<br \/>\nMeer informatie in <a href=\"http:\/\/www.jeugdlandnieuwegein.nl\/wpjl\/wp-content\/uploads\/2018\/02\/folder_vrijwilligersverzekering.pdf\" target=\"_blank\" rel=\"noopener noreferrer\">deze PDF-folder<\/a>.<\/p>\n<h3>Toezichthouders voor de woensdag- of zaterdagmiddag<\/h3>\n<p>Hiervoor zoeken we mensen die met kinderen kunnen werken en hen fijne middagen willen bezorgen. U komt helpen op woensdagmiddag van 13.30-17.00 uur en\/of op zaterdagmiddag van 13.00-17.00 uur. Samen met de vrijwilligers co\u00f6rdinator wordt overlegd wanneer en hoe vaak u komt helpen.<\/p>\n<h3>Vrijwilligers werkgroep beheer<\/h3>\n<p>Hiervoor zoeken we mensen die het terrein, het gebouw en de speelmaterialen en -toestellen willen onderhouden en zo nodig herstellen. U bent handig en niet bang om de handen uit de mouwen te steken of ze vies te maken.<br \/>\nTweemaal per maand op de zaterdagmorgen komt de werkgroep beheer samen om te werken aan het onderhoud van het gebouw en het terrein van Jeugdland. Samen met de vrijwilligers co\u00f6rdinator wordt overlegd wanneer en hoe vaak u komt helpen.<\/p>\n<h3>Vrijwilligers werkgroep activiteiten<\/h3>\n<p>Een vrijwilliger activiteiten vindt het leuk om kinderen te begeleiden bij het knutselen, handwerken, spelletjes etc.. Hij of zij is handig en creatief. Samen met de vrijwilligers co\u00f6rdinator wordt overlegd wanneer en hoe vaak u komt helpen.<\/p>\n<h3>Organisatorische vrijwilliger<\/h3>\n<p>De organisatie van Stichting Bouwspeeltuin Jeugdland Nieuwegein wordt gedaan door het bestuur. Het bestuur wordt ondersteund door co\u00f6rdinatoren: een administrateur kinderbestand, een co\u00f6rdinator activiteiten, een co\u00f6rdinator verhuur, een co\u00f6rdinator vrijwilligers en een website beheerder.<br \/>\nVoor EHBO en BHV zaken worden wij ondersteund door <a href=\"https:\/\/global-care4u.nl\/\">https:\/\/global-care4u.nl\/<\/a><\/p>\n<h3>Vacatures (op vrijwillige basis)<\/h3>\n<ul>\n<li>Een bestuurslid of administrator voor <strong>publiciteit en sociale media<\/strong>.<\/li>\n<li>Een bestuurslid of administrator voor <strong>verhuur<\/strong>.<\/li>\n<\/ul>\n<h4>Wil je met ons in gesprek of meer informatie, neem dan contact op via <a href=\"&#x6d;&#x61;&#x69;&#x6c;&#x74;&#x6f;&#x3a;&#114;&#111;&#111;&#115;&#116;er&#64;j&#x65;&#x75;&#x67;&#x64;&#x6c;&#x61;&#x6e;&#x64;&#110;&#105;&#101;&#117;&#119;egei&#x6e;&#x2e;&#x6e;&#x6c;\">&#x72;o&#x6f;&#115;t&#x65;&#114;&#x40;&#x6a;e&#x75;&#103;d&#x6c;&#97;&#x6e;&#100;n&#x69;&#101;u&#x77;&#101;&#x67;&#101;i&#x6e;&#46;&#x6e;&#x6c;<\/a>.<\/h4>\n<p>&nbsp;<\/p>\n","protected":false},"excerpt":{"rendered":"<p>Bouwspeeltuin Jeugdland is een stichting die volledig op vrijwilligers draait. Een groep leuke, bevlogen, gezellige mensen die Jeugdland gemaakt hebben of maken tot wat het nu is. De vrijwilligers van Jeugdland waren en zijn altijd<\/p>\n","protected":false},"author":1,"featured_media":0,"parent":41,"menu_order":3,"comment_status":"closed","ping_status":"closed","template":"","meta":{"footnotes":""},"class_list":["post-47","page","type-page","status-publish","hentry"],"_links":{"self":[{"href":"https:\/\/www.jeugdlandnieuwegein.nl\/wpjl\/wp-json\/wp\/v2\/pages\/47","targetHints":{"allow":["GET"]}}],"collection":[{"href":"https:\/\/www.jeugdlandnieuwegein.nl\/wpjl\/wp-json\/wp\/v2\/pages"}],"about":[{"href":"https:\/\/www.jeugdlandnieuwegein.nl\/wpjl\/wp-json\/wp\/v2\/types\/page"}],"author":[{"embeddable":true,"href":"https:\/\/www.jeugdlandnieuwegein.nl\/wpjl\/wp-json\/wp\/v2\/users\/1"}],"replies":[{"embeddable":true,"href":"https:\/\/www.jeugdlandnieuwegein.nl\/wpjl\/wp-json\/wp\/v2\/comments?post=47"}],"version-history":[{"count":20,"href":"https:\/\/www.jeugdlandnieuwegein.nl\/wpjl\/wp-json\/wp\/v2\/pages\/47\/revisions"}],"predecessor-version":[{"id":1935,"href":"https:\/\/www.jeugdlandnieuwegein.nl\/wpjl\/wp-json\/wp\/v2\/pages\/47\/revisions\/1935"}],"up":[{"embeddable":true,"href":"https:\/\/www.jeugdlandnieuwegein.nl\/wpjl\/wp-json\/wp\/v2\/pages\/41"}],"wp:attachment":[{"href":"https:\/\/www.jeugdlandnieuwegein.nl\/wpjl\/wp-json\/wp\/v2\/media?parent=47"}],"curies":[{"name":"wp","href":"https:\/\/api.w.org\/{rel}","templated":true}]}}